{"id":10,"date":"2019-10-14T15:12:16","date_gmt":"2019-10-14T14:12:16","guid":{"rendered":"https:\/\/dev.yvon-laurent-vocoret.com\/?page_id=10"},"modified":"2023-05-17T07:21:56","modified_gmt":"2023-05-17T06:21:56","slug":"nos-points-de-vent","status":"publish","type":"page","link":"https:\/\/www.yvon-laurent-vocoret.com\/en\/nos-points-de-vent\/","title":{"rendered":"nos-partenaires-autour-de-chez-nous"},"content":{"rendered":"<p><strong>Relais Saint Vincent<\/strong> (Logis de France)<br>14 grande rue <br>89144 Ligny le Chatel<\/p><p><strong>Hostellerie des Clos<\/strong> <br>18 rue Jules Rathier<br>89800 Chablis<\/p><p><strong>Courtois Bourgogne Boissons<\/strong><br>20 rue Saint Exup\u00e9ry<br>89470 Mon\u00e9teau<\/p><p><strong>L&rsquo;Id\u00e9e Folle<\/strong> <br>1 place de la Fontaine<br>89700 Tonnerre<\/p><p><strong>L&rsquo;Auberge du Cl\u00e9on<\/strong> <br>16 grande Rue<br>89360 Carisey <\/p><p><strong>Le Maufoux<\/strong> <br>10 rue Jules Rathier<br>89800 Chablis<\/p><p><strong>Les Terrasses du Moulin de Sainte Vertu<\/strong><br>1 rue du Moulin<br>89310 Sainte Vertu <\/p><p><\/p>","protected":false},"excerpt":{"rendered":"<p>Relais Saint Vincent (Logis de France)14 grande rue 89144 Ligny le Chatel Hostellerie des Clos 18 rue Jules Rathier89800 Chablis Courtois Bourgogne Boissons20 rue Saint Exup\u00e9ry89470 Mon\u00e9teau L&rsquo;Id\u00e9e Folle 1 place de la Fontaine89700 Tonnerre L&rsquo;Auberge du Cl\u00e9on 16 grande Rue89360 Carisey Le Maufoux 10 rue Jules Rathier89800 Chablis Les Terrasses du Moulin de Sainte [&hellip;]<\/p>\n","protected":false},"author":4,"featured_media":0,"parent":0,"menu_order":0,"comment_status":"closed","ping_status":"closed","template":"","meta":{"_acf_changed":false,"footnotes":""},"acf":[],"yoast_head":"<!-- This site is optimized with the Yoast SEO plugin v23.4 - https:\/\/yoast.com\/wordpress\/plugins\/seo\/ -->\n<title>nos-partenaires-autour-de-chez-nous - Domaine Yvon et Laurent Vocoret<\/title>\n<meta name=\"description\" content=\"nos-partenaires-autour-de-chez-nous - Domaine Yvon et Laurent Vocoret\" \/>\n<meta name=\"robots\" content=\"index, follow, max-snippet:-1, max-image-preview:large, max-video-preview:-1\" \/>\n<link rel=\"canonical\" href=\"https:\/\/www.yvon-laurent-vocoret.com\/en\/nos-points-de-vent\/\" \/>\n<meta property=\"og:locale\" content=\"en_GB\" \/>\n<meta property=\"og:type\" content=\"article\" \/>\n<meta property=\"og:title\" content=\"nos-partenaires-autour-de-chez-nous - Domaine Yvon et Laurent Vocoret\" \/>\n<meta property=\"og:description\" content=\"nos-partenaires-autour-de-chez-nous - Domaine Yvon et Laurent Vocoret\" \/>\n<meta property=\"og:url\" content=\"https:\/\/www.yvon-laurent-vocoret.com\/en\/nos-points-de-vent\/\" \/>\n<meta property=\"og:site_name\" content=\"Domaine Yvon et Laurent Vocoret\" \/>\n<meta property=\"article:modified_time\" content=\"2023-05-17T06:21:56+00:00\" \/>\n<meta name=\"twitter:card\" content=\"summary_large_image\" \/>\n<meta name=\"twitter:label1\" content=\"Estimated reading time\" \/>\n\t<meta name=\"twitter:data1\" content=\"1 minute\" \/>\n<script type=\"application\/ld+json\" class=\"yoast-schema-graph\">{\"@context\":\"https:\/\/schema.org\",\"@graph\":[{\"@type\":\"WebPage\",\"@id\":\"https:\/\/www.yvon-laurent-vocoret.com\/nos-points-de-vent\/\",\"url\":\"https:\/\/www.yvon-laurent-vocoret.com\/nos-points-de-vent\/\",\"name\":\"nos-partenaires-autour-de-chez-nous - Domaine Yvon et Laurent Vocoret\",\"isPartOf\":{\"@id\":\"https:\/\/www.yvon-laurent-vocoret.com\/en\/#website\"},\"datePublished\":\"2019-10-14T14:12:16+00:00\",\"dateModified\":\"2023-05-17T06:21:56+00:00\",\"description\":\"nos-partenaires-autour-de-chez-nous - Domaine Yvon et Laurent Vocoret\",\"breadcrumb\":{\"@id\":\"https:\/\/www.yvon-laurent-vocoret.com\/nos-points-de-vent\/#breadcrumb\"},\"inLanguage\":\"en-GB\",\"potentialAction\":[{\"@type\":\"ReadAction\",\"target\":[\"https:\/\/www.yvon-laurent-vocoret.com\/nos-points-de-vent\/\"]}]},{\"@type\":\"BreadcrumbList\",\"@id\":\"https:\/\/www.yvon-laurent-vocoret.com\/nos-points-de-vent\/#breadcrumb\",\"itemListElement\":[{\"@type\":\"ListItem\",\"position\":1,\"name\":\"Accueil\",\"item\":\"https:\/\/www.yvon-laurent-vocoret.com\/\"},{\"@type\":\"ListItem\",\"position\":2,\"name\":\"nos-partenaires-autour-de-chez-nous\"}]},{\"@type\":\"WebSite\",\"@id\":\"https:\/\/www.yvon-laurent-vocoret.com\/en\/#website\",\"url\":\"https:\/\/www.yvon-laurent-vocoret.com\/en\/\",\"name\":\"Domaine Yvon et Laurent Vocoret\",\"description\":\"Just another WordPress site\",\"publisher\":{\"@id\":\"https:\/\/www.yvon-laurent-vocoret.com\/en\/#organization\"},\"potentialAction\":[{\"@type\":\"SearchAction\",\"target\":{\"@type\":\"EntryPoint\",\"urlTemplate\":\"https:\/\/www.yvon-laurent-vocoret.com\/en\/?s={search_term_string}\"},\"query-input\":{\"@type\":\"PropertyValueSpecification\",\"valueRequired\":true,\"valueName\":\"search_term_string\"}}],\"inLanguage\":\"en-GB\"},{\"@type\":\"Organization\",\"@id\":\"https:\/\/www.yvon-laurent-vocoret.com\/en\/#organization\",\"name\":\"Domaine Yvon et Laurent Vocoret\",\"url\":\"https:\/\/www.yvon-laurent-vocoret.com\/en\/\",\"logo\":{\"@type\":\"ImageObject\",\"inLanguage\":\"en-GB\",\"@id\":\"https:\/\/www.yvon-laurent-vocoret.com\/en\/#\/schema\/logo\/image\/\",\"url\":\"https:\/\/www.yvon-laurent-vocoret.com\/wp-content\/uploads\/2020\/11\/logo.png\",\"contentUrl\":\"https:\/\/www.yvon-laurent-vocoret.com\/wp-content\/uploads\/2020\/11\/logo.png\",\"width\":109,\"height\":123,\"caption\":\"Domaine Yvon et Laurent Vocoret\"},\"image\":{\"@id\":\"https:\/\/www.yvon-laurent-vocoret.com\/en\/#\/schema\/logo\/image\/\"}}]}<\/script>\n<!-- \/ Yoast SEO plugin. -->","yoast_head_json":{"title":"nos-partenaires-autour-de-chez-nous - Domaine Yvon et Laurent Vocoret","description":"nos-partenaires-autour-de-chez-nous - Domaine Yvon et Laurent Vocoret","robots":{"index":"index","follow":"follow","max-snippet":"max-snippet:-1","max-image-preview":"max-image-preview:large","max-video-preview":"max-video-preview:-1"},"canonical":"https:\/\/www.yvon-laurent-vocoret.com\/en\/nos-points-de-vent\/","og_locale":"en_GB","og_type":"article","og_title":"nos-partenaires-autour-de-chez-nous - Domaine Yvon et Laurent Vocoret","og_description":"nos-partenaires-autour-de-chez-nous - Domaine Yvon et Laurent Vocoret","og_url":"https:\/\/www.yvon-laurent-vocoret.com\/en\/nos-points-de-vent\/","og_site_name":"Domaine Yvon et Laurent Vocoret","article_modified_time":"2023-05-17T06:21:56+00:00","twitter_card":"summary_large_image","twitter_misc":{"Estimated reading time":"1 minute"},"schema":{"@context":"https:\/\/schema.org","@graph":[{"@type":"WebPage","@id":"https:\/\/www.yvon-laurent-vocoret.com\/nos-points-de-vent\/","url":"https:\/\/www.yvon-laurent-vocoret.com\/nos-points-de-vent\/","name":"nos-partenaires-autour-de-chez-nous - Domaine Yvon et Laurent Vocoret","isPartOf":{"@id":"https:\/\/www.yvon-laurent-vocoret.com\/en\/#website"},"datePublished":"2019-10-14T14:12:16+00:00","dateModified":"2023-05-17T06:21:56+00:00","description":"nos-partenaires-autour-de-chez-nous - Domaine Yvon et Laurent Vocoret","breadcrumb":{"@id":"https:\/\/www.yvon-laurent-vocoret.com\/nos-points-de-vent\/#breadcrumb"},"inLanguage":"en-GB","potentialAction":[{"@type":"ReadAction","target":["https:\/\/www.yvon-laurent-vocoret.com\/nos-points-de-vent\/"]}]},{"@type":"BreadcrumbList","@id":"https:\/\/www.yvon-laurent-vocoret.com\/nos-points-de-vent\/#breadcrumb","itemListElement":[{"@type":"ListItem","position":1,"name":"Accueil","item":"https:\/\/www.yvon-laurent-vocoret.com\/"},{"@type":"ListItem","position":2,"name":"nos-partenaires-autour-de-chez-nous"}]},{"@type":"WebSite","@id":"https:\/\/www.yvon-laurent-vocoret.com\/en\/#website","url":"https:\/\/www.yvon-laurent-vocoret.com\/en\/","name":"Domaine Yvon et Laurent Vocoret","description":"Just another WordPress site","publisher":{"@id":"https:\/\/www.yvon-laurent-vocoret.com\/en\/#organization"},"potentialAction":[{"@type":"SearchAction","target":{"@type":"EntryPoint","urlTemplate":"https:\/\/www.yvon-laurent-vocoret.com\/en\/?s={search_term_string}"},"query-input":{"@type":"PropertyValueSpecification","valueRequired":true,"valueName":"search_term_string"}}],"inLanguage":"en-GB"},{"@type":"Organization","@id":"https:\/\/www.yvon-laurent-vocoret.com\/en\/#organization","name":"Domaine Yvon et Laurent Vocoret","url":"https:\/\/www.yvon-laurent-vocoret.com\/en\/","logo":{"@type":"ImageObject","inLanguage":"en-GB","@id":"https:\/\/www.yvon-laurent-vocoret.com\/en\/#\/schema\/logo\/image\/","url":"https:\/\/www.yvon-laurent-vocoret.com\/wp-content\/uploads\/2020\/11\/logo.png","contentUrl":"https:\/\/www.yvon-laurent-vocoret.com\/wp-content\/uploads\/2020\/11\/logo.png","width":109,"height":123,"caption":"Domaine Yvon et Laurent Vocoret"},"image":{"@id":"https:\/\/www.yvon-laurent-vocoret.com\/en\/#\/schema\/logo\/image\/"}}]}},"_links":{"self":[{"href":"https:\/\/www.yvon-laurent-vocoret.com\/en\/wp-json\/wp\/v2\/pages\/10"}],"collection":[{"href":"https:\/\/www.yvon-laurent-vocoret.com\/en\/wp-json\/wp\/v2\/pages"}],"about":[{"href":"https:\/\/www.yvon-laurent-vocoret.com\/en\/wp-json\/wp\/v2\/types\/page"}],"author":[{"embeddable":true,"href":"https:\/\/www.yvon-laurent-vocoret.com\/en\/wp-json\/wp\/v2\/users\/4"}],"replies":[{"embeddable":true,"href":"https:\/\/www.yvon-laurent-vocoret.com\/en\/wp-json\/wp\/v2\/comments?post=10"}],"version-history":[{"count":12,"href":"https:\/\/www.yvon-laurent-vocoret.com\/en\/wp-json\/wp\/v2\/pages\/10\/revisions"}],"predecessor-version":[{"id":732,"href":"https:\/\/www.yvon-laurent-vocoret.com\/en\/wp-json\/wp\/v2\/pages\/10\/revisions\/732"}],"wp:attachment":[{"href":"https:\/\/www.yvon-laurent-vocoret.com\/en\/wp-json\/wp\/v2\/media?parent=10"}],"curies":[{"name":"wp","href":"https:\/\/api.w.org\/{rel}","templated":true}]}}